{"id":263,"date":"2020-11-22T12:52:37","date_gmt":"2020-11-22T12:52:37","guid":{"rendered":"https:\/\/welt-der-lebenswasser.de\/?page_id=263"},"modified":"2021-03-27T20:42:23","modified_gmt":"2021-03-27T20:42:23","slug":"impressum","status":"publish","type":"page","link":"https:\/\/welt-der-lebenswasser.de\/index.php\/impressum\/","title":{"rendered":"Impressum"},"content":{"rendered":"\t\t<div data-elementor-type=\"wp-page\" data-elementor-id=\"263\" class=\"elementor elementor-263\">\n\t\t\t\t\t\t<section class=\"elementor-section elementor-top-section elementor-element elementor-element-d504732 elementor-section-full_width elementor-section-height-min-height elementor-section-content-middle elementor-section-height-default elementor-section-items-middle\" data-id=\"d504732\" data-element_type=\"section\" data-e-type=\"section\" data-settings=\"{&quot;background_background&quot;:&quot;classic&quot;,&quot;motion_fx_motion_fx_scrolling&quot;:&quot;yes&quot;,&quot;motion_fx_scale_effect&quot;:&quot;yes&quot;,&quot;animation&quot;:&quot;none&quot;,&quot;motion_fx_scale_direction&quot;:&quot;out-in&quot;,&quot;motion_fx_scale_speed&quot;:{&quot;unit&quot;:&quot;px&quot;,&quot;size&quot;:4,&quot;sizes&quot;:[]},&quot;motion_fx_scale_range&quot;:{&quot;unit&quot;:&quot;%&quot;,&quot;size&quot;:&quot;&quot;,&quot;sizes&quot;:{&quot;start&quot;:20,&quot;end&quot;:80}},&quot;motion_fx_devices&quot;:[&quot;desktop&quot;,&quot;tablet&quot;,&quot;mobile&quot;]}\">\n\t\t\t\t\t\t\t<div class=\"elementor-background-overlay\"><\/div>\n\t\t\t\t\t\t\t<div class=\"elementor-container elementor-column-gap-no\">\n\t\t\t\t\t<div class=\"elementor-column elementor-col-100 elementor-top-column elementor-element elementor-element-451f674\" data-id=\"451f674\" data-element_type=\"column\" data-e-type=\"column\">\n\t\t\t<div class=\"elementor-widget-wrap elementor-element-populated\">\n\t\t\t\t\t\t<div class=\"elementor-element elementor-element-1da7e31 elementor-widget__width-initial elementor-widget elementor-widget-text-editor\" data-id=\"1da7e31\" data-element_type=\"widget\" data-e-type=\"widget\" data-widget_type=\"text-editor.default\">\n\t\t\t\t<div class=\"elementor-widget-container\">\n\t\t\t\t\t\t\t\t\t<h2>Impressum<\/h2>\t\t\t\t\t\t\t\t<\/div>\n\t\t\t\t<\/div>\n\t\t\t\t\t<\/div>\n\t\t<\/div>\n\t\t\t\t\t<\/div>\n\t\t<\/section>\n\t\t\t\t<section class=\"elementor-section elementor-top-section elementor-element elementor-element-c25f192 elementor-section-height-min-height elementor-section-content-middle elementor-section-boxed elementor-section-height-default elementor-section-items-middle\" data-id=\"c25f192\" data-element_type=\"section\" data-e-type=\"section\" data-settings=\"{&quot;background_background&quot;:&quot;classic&quot;}\">\n\t\t\t\t\t\t<div class=\"elementor-container elementor-column-gap-no\">\n\t\t\t\t\t<div class=\"elementor-column elementor-col-100 elementor-top-column elementor-element elementor-element-ebe864c elementor-invisible\" data-id=\"ebe864c\" data-element_type=\"column\" data-e-type=\"column\" data-settings=\"{&quot;animation&quot;:&quot;fadeInUp&quot;,&quot;motion_fx_motion_fx_mouse&quot;:&quot;yes&quot;}\">\n\t\t\t<div class=\"elementor-widget-wrap elementor-element-populated\">\n\t\t\t\t\t\t<div class=\"elementor-element elementor-element-5a9e8ee elementor-widget__width-initial elementor-invisible elementor-widget elementor-widget-text-editor\" data-id=\"5a9e8ee\" data-element_type=\"widget\" data-e-type=\"widget\" data-settings=\"{&quot;_animation&quot;:&quot;fadeInUp&quot;}\" data-widget_type=\"text-editor.default\">\n\t\t\t\t<div class=\"elementor-widget-container\">\n\t\t\t\t\t\t\t\t\t<h2>Impressum<\/h2><p style=\"text-align: center;\">Ich begr\u00fc\u00dfe dich herzlich in der Welt der Lebenswasser.<\/p><p style=\"text-align: center;\">Angaben gem\u00e4\u00df \u00a7 5 TMG<br \/>Markus Weber<br \/>Welt der Lebenswasser<br \/>Pfarrer-Sp\u00fclbeck-Strasse 8<br \/>41352 Korschenbroich<\/p><p style=\"text-align: center;\"><b>Kontakt<\/b><br \/>Telefon: 0173-7076555<br \/>E-Mail: info@welt-der-lebenswasser.de<\/p><p style=\"text-align: center;\">\u00a0<\/p><p style=\"text-align: center;\"><b>Redaktionell Verantwortlicher<\/b><\/p><p style=\"text-align: center;\">Markus Weber<\/p><p style=\"text-align: center;\"><strong>Verbraucherstreitbeilegung\/Universalschlichtungsstelle<\/strong><\/p><p style=\"text-align: center;\">Wir sind nicht bereit oder verpflichtet, an Streitbeilegungsverfahren vor einer<br \/>Verbraucherschlichtungsstelle teilzunehmen.<\/p><p style=\"text-align: center;\"><strong>Haftung f\u00fcr Inhalte<\/strong><\/p><p style=\"text-align: center;\">Als Diensteanbieter sind wir gem\u00e4\u00df \u00a7 7 Abs.1 TMG f\u00fcr eigene Inhalte auf diesen Seiten nach den allgemeinen Gesetzen verantwortlich. Nach \u00a7\u00a7 8 bis 10 TMG sind wir als Diensteanbieter jedoch nicht verpflichtet, \u00fcbermittelte oder gespeicherte fremde Informationen zu \u00fcberwachen oder nach Umst\u00e4nden zu forschen, die auf eine rechtswidrige T\u00e4tigkeit hinweisen.<\/p><p style=\"text-align: center;\">Verpflichtungen zur Entfernung oder Sperrung der Nutzung von Informationen nach den allgemeinen Gesetzen bleiben hiervon unber\u00fchrt. Eine diesbez\u00fcgliche Haftung ist jedoch erst ab dem Zeitpunkt der Kenntnis einer konkreten Rechtsverletzung m\u00f6glich. Bei Bekanntwerden von entsprechenden Rechtsverletzungen werden wir diese Inhalte umgehend entfernen.<\/p><p style=\"text-align: center;\"><strong>Haftung f\u00fcr Links<\/strong><\/p><p style=\"text-align: center;\">Unser Angebot enth\u00e4lt Links zu externen Websites Dritter, auf deren Inhalte wir keinen Einfluss haben. Deshalb k\u00f6nnen wir f\u00fcr diese fremden Inhalte auch keine Gew\u00e4hr \u00fcbernehmen. F\u00fcr die Inhalte der verlinkten Seiten ist stets der jeweilige Anbieter oder Betreiber der Seiten verantwortlich. Die verlinkten<br \/>Seiten wurden zum Zeitpunkt der Verlinkung auf m\u00f6gliche Rechtsverst\u00f6\u00dfe \u00fcberpr\u00fcft. Rechtswidrige Inhalte waren zum Zeitpunkt der Verlinkung nicht erkennbar. Eine permanente inhaltliche Kontrolle der verlinkten Seiten ist jedoch ohne konkrete Anhaltspunkte einer Rechtsverletzung nicht zumutbar. Bei Bekanntwerden von Rechtsverletzungen werden wir derartige Links<br \/>umgehend entfernen.<\/p><p style=\"text-align: center;\"><b>Urheberrecht<\/b><\/p><p style=\"text-align: center;\">Die durch die Seitenbetreiber erstellten Inhalte und Werke auf diesen Seiten unterliegen dem deutschen\u00a0<span style=\"font-size: inherit; font-weight: var( --e-global-typography-text-font-weight ); letter-spacing: -0.015em;\">Urheberrecht. Die Vervielf\u00e4ltigung, Bearbeitung, Verbreitung und jede Art der Verwertung au\u00dferhalb der\u00a0<\/span><span style=\"font-size: inherit; font-weight: var( --e-global-typography-text-font-weight ); letter-spacing: -0.015em;\">Grenzen des Urheberrechtes bed\u00fcrfen der schriftlichen Zustimmung des jeweiligen Autors bzw. Erstellers.\u00a0<\/span><span style=\"font-size: inherit; font-weight: var( --e-global-typography-text-font-weight ); letter-spacing: -0.015em;\">Downloads und Kopien dieser Seite sind nur f\u00fcr den privaten, nicht kommerziellen Gebrauch gestattet.\u00a0<\/span><span style=\"font-size: inherit; font-weight: var( --e-global-typography-text-font-weight ); letter-spacing: -0.015em;\">Soweit die Inhalte auf dieser Seite nicht vom Betreiber erstellt wurden, werden die Urheberrechte Dritter\u00a0<\/span><span style=\"font-size: inherit; font-weight: var( --e-global-typography-text-font-weight ); letter-spacing: -0.015em;\">beachtet. Insbesondere werden Inhalte Dritter als solche gekennzeichnet. Sollten Sie trotzdem auf eine\u00a0<\/span><span style=\"font-size: inherit; font-weight: var( --e-global-typography-text-font-weight ); letter-spacing: -0.015em;\">Urheberrechtsverletzung aufmerksam werden, bitten wir um einen entsprechenden Hinweis. Bei<\/span><span style=\"font-size: inherit; font-weight: var( --e-global-typography-text-font-weight ); letter-spacing: -0.015em;\">Bekanntwerden von Rechtsverletzungen werden wir derartige Inhalte umgehend entfernen.<\/span><\/p><p>\u00a0<\/p>\t\t\t\t\t\t\t\t<\/div>\n\t\t\t\t<\/div>\n\t\t\t\t<div class=\"elementor-element elementor-element-9fb3ee5 elementor-widget elementor-widget-spacer\" data-id=\"9fb3ee5\" data-element_type=\"widget\" data-e-type=\"widget\" data-widget_type=\"spacer.default\">\n\t\t\t\t<div class=\"elementor-widget-container\">\n\t\t\t\t\t\t\t<div class=\"elementor-spacer\">\n\t\t\t<div class=\"elementor-spacer-inner\"><\/div>\n\t\t<\/div>\n\t\t\t\t\t\t<\/div>\n\t\t\t\t<\/div>\n\t\t\t\t<div class=\"elementor-element elementor-element-ece0065 elementor-invisible elementor-widget elementor-widget-image\" data-id=\"ece0065\" data-element_type=\"widget\" data-e-type=\"widget\" data-settings=\"{&quot;_animation&quot;:&quot;fadeInUp&quot;}\" data-widget_type=\"image.default\">\n\t\t\t\t<div class=\"elementor-widget-container\">\n\t\t\t\t\t\t\t\t\t\t\t\t\t\t\t<img fetchpriority=\"high\" decoding=\"async\" width=\"580\" height=\"303\" src=\"https:\/\/welt-der-lebenswasser.de\/wp-content\/uploads\/2020\/11\/Logo@4x-1024x535.png\" class=\"attachment-large size-large wp-image-116\" alt=\"\" srcset=\"https:\/\/welt-der-lebenswasser.de\/wp-content\/uploads\/2020\/11\/Logo@4x-1024x535.png 1024w, https:\/\/welt-der-lebenswasser.de\/wp-content\/uploads\/2020\/11\/Logo@4x-300x157.png 300w, https:\/\/welt-der-lebenswasser.de\/wp-content\/uploads\/2020\/11\/Logo@4x-768x401.png 768w, https:\/\/welt-der-lebenswasser.de\/wp-content\/uploads\/2020\/11\/Logo@4x-1536x802.png 1536w, https:\/\/welt-der-lebenswasser.de\/wp-content\/uploads\/2020\/11\/Logo@4x-2048x1070.png 2048w, https:\/\/welt-der-lebenswasser.de\/wp-content\/uploads\/2020\/11\/Logo@4x-1200x627.png 1200w, https:\/\/welt-der-lebenswasser.de\/wp-content\/uploads\/2020\/11\/Logo@4x-1980x1034.png 1980w\" sizes=\"(max-width: 580px) 100vw, 580px\" \/>\t\t\t\t\t\t\t\t\t\t\t\t\t\t\t<\/div>\n\t\t\t\t<\/div>\n\t\t\t\t\t<\/div>\n\t\t<\/div>\n\t\t\t\t\t<\/div>\n\t\t<\/section>\n\t\t\t\t<\/div>\n\t\t","protected":false},"excerpt":{"rendered":"<p>Impressum Impressum Ich begr\u00fc\u00dfe dich herzlich in der Welt der Lebenswasser. Angaben gem\u00e4\u00df \u00a7 5 TMGMarkus WeberWelt der LebenswasserPfarrer-Sp\u00fclbeck-Strasse 841352 Korschenbroich KontaktTelefon: 0173-7076555E-Mail: info@welt-der-lebenswasser.de \u00a0 Redaktionell Verantwortlicher Markus Weber Verbraucherstreitbeilegung\/Universalschlichtungsstelle Wir sind nicht bereit oder verpflichtet, an Streitbeilegungsverfahren vor einerVerbraucherschlichtungsstelle teilzunehmen. Haftung f\u00fcr Inhalte Als Diensteanbieter sind wir gem\u00e4\u00df \u00a7 7 Abs.1 TMG f\u00fcr eigene [&hellip;]<\/p>\n","protected":false},"author":1,"featured_media":0,"parent":0,"menu_order":0,"comment_status":"closed","ping_status":"closed","template":"elementor_header_footer","meta":{"_acf_changed":false,"footnotes":""},"class_list":["post-263","page","type-page","status-publish","hentry"],"acf":[],"yoast_head":"<!-- This site is optimized with the Yoast SEO plugin v27.5 - https:\/\/yoast.com\/product\/yoast-seo-wordpress\/ -->\n<title>Impressum - Welt der Lebenswasser<\/title>\n<meta name=\"robots\" content=\"index, follow, max-snippet:-1, max-image-preview:large, max-video-preview:-1\" \/>\n<link rel=\"canonical\" href=\"https:\/\/welt-der-lebenswasser.de\/index.php\/impressum\/\" \/>\n<meta property=\"og:locale\" content=\"de_DE\" \/>\n<meta property=\"og:type\" content=\"article\" \/>\n<meta property=\"og:title\" content=\"Impressum - Welt der Lebenswasser\" \/>\n<meta property=\"og:description\" content=\"Impressum Impressum Ich begr\u00fc\u00dfe dich herzlich in der Welt der Lebenswasser. Angaben gem\u00e4\u00df \u00a7 5 TMGMarkus WeberWelt der LebenswasserPfarrer-Sp\u00fclbeck-Strasse 841352 Korschenbroich KontaktTelefon: 0173-7076555E-Mail: info@welt-der-lebenswasser.de \u00a0 Redaktionell Verantwortlicher Markus Weber Verbraucherstreitbeilegung\/Universalschlichtungsstelle Wir sind nicht bereit oder verpflichtet, an Streitbeilegungsverfahren vor einerVerbraucherschlichtungsstelle teilzunehmen. Haftung f\u00fcr Inhalte Als Diensteanbieter sind wir gem\u00e4\u00df \u00a7 7 Abs.1 TMG f\u00fcr eigene [&hellip;]\" \/>\n<meta property=\"og:url\" content=\"https:\/\/welt-der-lebenswasser.de\/index.php\/impressum\/\" \/>\n<meta property=\"og:site_name\" content=\"Welt der Lebenswasser\" \/>\n<meta property=\"article:modified_time\" content=\"2021-03-27T20:42:23+00:00\" \/>\n<meta property=\"og:image\" content=\"https:\/\/welt-der-lebenswasser.de\/wp-content\/uploads\/2020\/11\/Logo@4x-1024x535.png\" \/>\n<meta name=\"twitter:card\" content=\"summary_large_image\" \/>\n<meta name=\"twitter:label1\" content=\"Gesch\u00e4tzte Lesezeit\" \/>\n\t<meta name=\"twitter:data1\" content=\"2\u00a0Minuten\" \/>\n<script type=\"application\/ld+json\" class=\"yoast-schema-graph\">{\"@context\":\"https:\\\/\\\/schema.org\",\"@graph\":[{\"@type\":\"WebPage\",\"@id\":\"https:\\\/\\\/welt-der-lebenswasser.de\\\/index.php\\\/impressum\\\/\",\"url\":\"https:\\\/\\\/welt-der-lebenswasser.de\\\/index.php\\\/impressum\\\/\",\"name\":\"Impressum - Welt der Lebenswasser\",\"isPartOf\":{\"@id\":\"https:\\\/\\\/welt-der-lebenswasser.de\\\/#website\"},\"primaryImageOfPage\":{\"@id\":\"https:\\\/\\\/welt-der-lebenswasser.de\\\/index.php\\\/impressum\\\/#primaryimage\"},\"image\":{\"@id\":\"https:\\\/\\\/welt-der-lebenswasser.de\\\/index.php\\\/impressum\\\/#primaryimage\"},\"thumbnailUrl\":\"https:\\\/\\\/welt-der-lebenswasser.de\\\/wp-content\\\/uploads\\\/2020\\\/11\\\/Logo@4x-1024x535.png\",\"datePublished\":\"2020-11-22T12:52:37+00:00\",\"dateModified\":\"2021-03-27T20:42:23+00:00\",\"breadcrumb\":{\"@id\":\"https:\\\/\\\/welt-der-lebenswasser.de\\\/index.php\\\/impressum\\\/#breadcrumb\"},\"inLanguage\":\"de\",\"potentialAction\":[{\"@type\":\"ReadAction\",\"target\":[\"https:\\\/\\\/welt-der-lebenswasser.de\\\/index.php\\\/impressum\\\/\"]}]},{\"@type\":\"ImageObject\",\"inLanguage\":\"de\",\"@id\":\"https:\\\/\\\/welt-der-lebenswasser.de\\\/index.php\\\/impressum\\\/#primaryimage\",\"url\":\"https:\\\/\\\/welt-der-lebenswasser.de\\\/wp-content\\\/uploads\\\/2020\\\/11\\\/Logo@4x.png\",\"contentUrl\":\"https:\\\/\\\/welt-der-lebenswasser.de\\\/wp-content\\\/uploads\\\/2020\\\/11\\\/Logo@4x.png\",\"width\":5166,\"height\":2698},{\"@type\":\"BreadcrumbList\",\"@id\":\"https:\\\/\\\/welt-der-lebenswasser.de\\\/index.php\\\/impressum\\\/#breadcrumb\",\"itemListElement\":[{\"@type\":\"ListItem\",\"position\":1,\"name\":\"Home\",\"item\":\"https:\\\/\\\/welt-der-lebenswasser.de\\\/\"},{\"@type\":\"ListItem\",\"position\":2,\"name\":\"Impressum\"}]},{\"@type\":\"WebSite\",\"@id\":\"https:\\\/\\\/welt-der-lebenswasser.de\\\/#website\",\"url\":\"https:\\\/\\\/welt-der-lebenswasser.de\\\/\",\"name\":\"Welt der Lebenswasser\",\"description\":\"Geschmack trifft Leidenschaft\",\"potentialAction\":[{\"@type\":\"SearchAction\",\"target\":{\"@type\":\"EntryPoint\",\"urlTemplate\":\"https:\\\/\\\/welt-der-lebenswasser.de\\\/?s={search_term_string}\"},\"query-input\":{\"@type\":\"PropertyValueSpecification\",\"valueRequired\":true,\"valueName\":\"search_term_string\"}}],\"inLanguage\":\"de\"}]}<\/script>\n<!-- \/ Yoast SEO plugin. -->","yoast_head_json":{"title":"Impressum - Welt der Lebenswasser","robots":{"index":"index","follow":"follow","max-snippet":"max-snippet:-1","max-image-preview":"max-image-preview:large","max-video-preview":"max-video-preview:-1"},"canonical":"https:\/\/welt-der-lebenswasser.de\/index.php\/impressum\/","og_locale":"de_DE","og_type":"article","og_title":"Impressum - Welt der Lebenswasser","og_description":"Impressum Impressum Ich begr\u00fc\u00dfe dich herzlich in der Welt der Lebenswasser. Angaben gem\u00e4\u00df \u00a7 5 TMGMarkus WeberWelt der LebenswasserPfarrer-Sp\u00fclbeck-Strasse 841352 Korschenbroich KontaktTelefon: 0173-7076555E-Mail: info@welt-der-lebenswasser.de \u00a0 Redaktionell Verantwortlicher Markus Weber Verbraucherstreitbeilegung\/Universalschlichtungsstelle Wir sind nicht bereit oder verpflichtet, an Streitbeilegungsverfahren vor einerVerbraucherschlichtungsstelle teilzunehmen. Haftung f\u00fcr Inhalte Als Diensteanbieter sind wir gem\u00e4\u00df \u00a7 7 Abs.1 TMG f\u00fcr eigene [&hellip;]","og_url":"https:\/\/welt-der-lebenswasser.de\/index.php\/impressum\/","og_site_name":"Welt der Lebenswasser","article_modified_time":"2021-03-27T20:42:23+00:00","og_image":[{"url":"https:\/\/welt-der-lebenswasser.de\/wp-content\/uploads\/2020\/11\/Logo@4x-1024x535.png","type":"","width":"","height":""}],"twitter_card":"summary_large_image","twitter_misc":{"Gesch\u00e4tzte Lesezeit":"2\u00a0Minuten"},"schema":{"@context":"https:\/\/schema.org","@graph":[{"@type":"WebPage","@id":"https:\/\/welt-der-lebenswasser.de\/index.php\/impressum\/","url":"https:\/\/welt-der-lebenswasser.de\/index.php\/impressum\/","name":"Impressum - Welt der Lebenswasser","isPartOf":{"@id":"https:\/\/welt-der-lebenswasser.de\/#website"},"primaryImageOfPage":{"@id":"https:\/\/welt-der-lebenswasser.de\/index.php\/impressum\/#primaryimage"},"image":{"@id":"https:\/\/welt-der-lebenswasser.de\/index.php\/impressum\/#primaryimage"},"thumbnailUrl":"https:\/\/welt-der-lebenswasser.de\/wp-content\/uploads\/2020\/11\/Logo@4x-1024x535.png","datePublished":"2020-11-22T12:52:37+00:00","dateModified":"2021-03-27T20:42:23+00:00","breadcrumb":{"@id":"https:\/\/welt-der-lebenswasser.de\/index.php\/impressum\/#breadcrumb"},"inLanguage":"de","potentialAction":[{"@type":"ReadAction","target":["https:\/\/welt-der-lebenswasser.de\/index.php\/impressum\/"]}]},{"@type":"ImageObject","inLanguage":"de","@id":"https:\/\/welt-der-lebenswasser.de\/index.php\/impressum\/#primaryimage","url":"https:\/\/welt-der-lebenswasser.de\/wp-content\/uploads\/2020\/11\/Logo@4x.png","contentUrl":"https:\/\/welt-der-lebenswasser.de\/wp-content\/uploads\/2020\/11\/Logo@4x.png","width":5166,"height":2698},{"@type":"BreadcrumbList","@id":"https:\/\/welt-der-lebenswasser.de\/index.php\/impressum\/#breadcrumb","itemListElement":[{"@type":"ListItem","position":1,"name":"Home","item":"https:\/\/welt-der-lebenswasser.de\/"},{"@type":"ListItem","position":2,"name":"Impressum"}]},{"@type":"WebSite","@id":"https:\/\/welt-der-lebenswasser.de\/#website","url":"https:\/\/welt-der-lebenswasser.de\/","name":"Welt der Lebenswasser","description":"Geschmack trifft Leidenschaft","potentialAction":[{"@type":"SearchAction","target":{"@type":"EntryPoint","urlTemplate":"https:\/\/welt-der-lebenswasser.de\/?s={search_term_string}"},"query-input":{"@type":"PropertyValueSpecification","valueRequired":true,"valueName":"search_term_string"}}],"inLanguage":"de"}]}},"jetpack_sharing_enabled":true,"_links":{"self":[{"href":"https:\/\/welt-der-lebenswasser.de\/index.php\/wp-json\/wp\/v2\/pages\/263","targetHints":{"allow":["GET"]}}],"collection":[{"href":"https:\/\/welt-der-lebenswasser.de\/index.php\/wp-json\/wp\/v2\/pages"}],"about":[{"href":"https:\/\/welt-der-lebenswasser.de\/index.php\/wp-json\/wp\/v2\/types\/page"}],"author":[{"embeddable":true,"href":"https:\/\/welt-der-lebenswasser.de\/index.php\/wp-json\/wp\/v2\/users\/1"}],"replies":[{"embeddable":true,"href":"https:\/\/welt-der-lebenswasser.de\/index.php\/wp-json\/wp\/v2\/comments?post=263"}],"version-history":[{"count":13,"href":"https:\/\/welt-der-lebenswasser.de\/index.php\/wp-json\/wp\/v2\/pages\/263\/revisions"}],"predecessor-version":[{"id":510,"href":"https:\/\/welt-der-lebenswasser.de\/index.php\/wp-json\/wp\/v2\/pages\/263\/revisions\/510"}],"wp:attachment":[{"href":"https:\/\/welt-der-lebenswasser.de\/index.php\/wp-json\/wp\/v2\/media?parent=263"}],"curies":[{"name":"wp","href":"https:\/\/api.w.org\/{rel}","templated":true}]}}